{"id":100,"date":"2022-02-08T09:16:41","date_gmt":"2022-02-08T09:16:41","guid":{"rendered":"https:\/\/kitdigital.fringesct.com\/?page_id=100"},"modified":"2022-02-08T09:16:41","modified_gmt":"2022-02-08T09:16:41","slug":"aviso-legal","status":"publish","type":"page","link":"https:\/\/kitdigital.fringesct.com\/index.php\/aviso-legal\/","title":{"rendered":"Aviso Legal"},"content":{"rendered":"\n<h2>Identificaci\u00f3n y Titularidad<\/h2>\n\n<p>\n\t\tEn cumplimiento del art\u00edculo 10 de la Ley 34\/2002, de 11 de julio, de Servicios de la Sociedad de la Informaci\u00f3n y Comercio Electr\u00f3nico, el Titular expone sus datos identificativos:\n<\/p>\n\n<p>\n\t<ul>\t\t\n\t\t<li>\n\t\t\t<b>Titular:<\/b>&nbsp;\t\t\n\t\t\tFringesCT.\n\t\t\t\n\t\t<\/li>\n\t\t\n\t\t<li>\n\t\t\t<b>NIF:<\/b>&nbsp;B05231121\n\t\t\t\n\t\t<\/li>\n\n\n\t\t<li>\n\t\t\t<b>Domicilio:<\/b>&nbsp;\n\t\t\t Av. Pinar, 50,  \u00c1vila - Espa\u00f1a.\n\t\t<\/li>\n\t\t\n\t\t<li>\n\t\t\t<b>Correo electr\u00f3nico:<\/b>&nbsp;\n\t\t\tadmin@fringesct.com\n\t\t<\/li>\n\t\t\n\n\t\t<li>\n\t\t\t<b>Sitio Web:<\/b>&nbsp;\n\t\t\t<a href=\"https:\/\/kitdigital.fringesct.com\">https:\/\/kitdigital.fringesct.com<\/a>\n\t\t<\/li>\n\t<\/ul>\n<\/p>\n\n\n\n<h2>Condiciones de Uso<\/h2>\n<p>\n\tLa utilizaci\u00f3n del Sitio Web le otorga la condici\u00f3n de Usuario, e implica la aceptaci\u00f3n completa de todas las cl\u00e1usulas y condiciones de uso incluidas en las p\u00e1ginas:\n\t<ul>\t\t\n\t\t<li><a href=\"https:\/\/kitdigital.fringesct.com\/index.php\/aviso-legal\/\">Aviso Legal<\/a><\/li>\n\t\t<li><a href=\"https:\/\/kitdigital.fringesct.com\/index.php\/politica-privacidad\/\">Pol\u00edtica de Privacidad<\/a><\/li>\n\t\t<li><a href=\"https:\/\/kitdigital.fringesct.com\/index.php\/politica-cookies\/\">Pol\u00edtica de Cookies<\/a><\/li>\n\t<\/ul>\t\n<\/p>\n\n<p>\n\tSi no estuviera conforme con todas y cada una de estas cl\u00e1usulas y condiciones abst\u00e9ngase de utilizar el Sitio Web.\n<\/p>\n\n<p>\t\n\tEl acceso al Sitio Web no supone, en modo alguno, el inicio de una relaci\u00f3n comercial con el Titular.\n<\/p>\n\n<p>\t\n\tA trav\u00e9s del Sitio Web, el Titular le facilita el acceso y la utilizaci\u00f3n de diversos contenidos que el Titular y\/o sus colaboradores han publicado por medio de Internet.\n<\/p>\n\n<p>\n\tA tal efecto, est\u00e1 obligado y comprometido a NO utilizar cualquiera de los contenidos del Sitio Web con fines o efectos il\u00edcitos, prohibidos en este Aviso Legal o por la legislaci\u00f3n vigente, lesivos de los derechos e intereses de terceros, o que de cualquier forma puedan da\u00f1ar, inutilizar, sobrecargar, deteriorar o impedir la normal utilizaci\u00f3n de los contenidos, los equipos inform\u00e1ticos o los documentos, archivos y toda clase de contenidos almacenados en cualquier equipo inform\u00e1tico propios o contratados por el Titular, de otros usuarios o de cualquier usuario de Internet.\n<\/p>\n\n\n\n\n\n\n<h2>Medidas de seguridad<\/h2>\n<p>\n\tLos datos personales que facilite al Titular pueden ser almacenados en bases de datos automatizadas o no, cuya titularidad corresponde en exclusiva al Titular, que asume todas las medidas de \u00edndole t\u00e9cnica, organizativa y de seguridad que garantizan la confidencialidad, integridad y calidad de la informaci\u00f3n contenida en las mismas de acuerdo con lo establecido en la normativa vigente en protecci\u00f3n de datos.\n<\/p>\n<p>\n\tNo obstante, debe ser consciente de que las medidas de seguridad de los sistemas inform\u00e1ticos en Internet no son enteramente fiables y que, por tanto el Titular no puede garantizar la inexistencia de virus u otros elementos que puedan producir alteraciones en los sistemas inform\u00e1ticos (software y hardware) del Usuario o en sus documentos electr\u00f3nicos y ficheros contenidos en los mismos aunque el Titular pone todos los medios necesarios y toma las medidas de seguridad oportunas para evitar la presencia de estos elementos da\u00f1inos.\n<\/p>\n\n\n<h2>Tratamiento de Datos Personales<\/h2>\n<p>\t\n\tPuede consultar toda la informaci\u00f3n relativa al tratamiento de datos personales que recoge el Titular en la p\u00e1gina de  <a href=\"https:\/\/kitdigital.fringesct.com\/index.php\/politica-privacidad\/\">Pol\u00edtica de Privacidad<\/a>.\n<\/p>\n\n<h2>Contenidos<\/h2>\n<p>\n\tEl Titular ha obtenido la informaci\u00f3n, el contenido multimedia y los materiales incluidos en el Sitio Web de fuentes que considera fiables, pero, si bien ha tomado todas las medidas razonables para asegurar que la informaci\u00f3n contenida es correcta, el Titular no garantiza que sea exacta, completa o actualizada. El Titular declina expresamente cualquier responsabilidad por error u omisi\u00f3n en la informaci\u00f3n contenida en las p\u00e1ginas del Sitio Web.\n<\/p>\n\n<p>\n\tQueda prohibido transmitir o enviar a trav\u00e9s del Sitio Web cualquier contenido ilegal o il\u00edcito, virus inform\u00e1ticos, o mensajes que, en general, afecten o violen derechos del Titular o de terceros.\n<\/p>\n\n<p>\n\tLos contenidos del Sitio Web tienen \u00fanicamente una finalidad informativa y bajo ninguna circunstancia deben usarse ni considerarse como oferta de venta, solicitud de una oferta de compra ni recomendaci\u00f3n para realizar cualquier otra operaci\u00f3n, salvo que as\u00ed se indique expresamente.\n<\/p>\n\n<p>\n\tEl Titular se reserva el derecho a modificar, suspender, cancelar o restringir el contenido del Sitio Web, los v\u00ednculos o la informaci\u00f3n obtenida a trav\u00e9s del Sitio Web, sin necesidad de previo aviso.\n<\/p>\n\n<p>\n\tEl Titular\u00a0no es responsable de los da\u00f1os y perjuicios que pudieran derivarse de la utilizaci\u00f3n de la informaci\u00f3n del Sitio Web.\n<\/p>\n\n\n<h2>Pol\u00edtica de cookies<\/h2>\n<p>\n\tPuede consultar toda la informaci\u00f3n relativa a la pol\u00edtica de recogida y tratamiento de las cookies en la p\u00e1gina de  <a href=\"https:\/\/kitdigital.fringesct.com\/index.php\/politica-cookies\/\">Pol\u00edtica de Cookies<\/a>.\n<\/p>\n\n\n<h2>Enlaces a otros sitios Web<\/h2>\n<p>\n\tEl Titular puede proporcionarle acceso a sitios Web de terceros mediante enlaces con la finalidad exclusiva de informar sobre la existencia de otras fuentes de informaci\u00f3n en Internet en las que podr\u00e1 ampliar los datos ofrecidos en el Sitio Web.\n<\/p>\n\n<p>\t\n\tEstos enlaces a otros sitios Web no suponen en ning\u00fan caso una sugerencia o recomendaci\u00f3n para que usted visite las p\u00e1ginas web de destino, que est\u00e1n fuera del control del Titular, por lo que el Titular no es responsable del contenido de los sitios web vinculados ni del resultado que obtenga al seguir los enlaces.\n\tAsimismo, el Titular no responde de los links o enlaces ubicados en los sitios web vinculados a los que le proporciona acceso.\n<\/p>\n\n<p>\n\tEl establecimiento del enlace no implica en ning\u00fan caso la existencia de relaciones entre el Titular y el propietario del sitio en el que se establezca el enlace, ni la aceptaci\u00f3n o aprobaci\u00f3n por parte del Titular de sus contenidos o servicios.\n<\/p>\n\n<p>\t\n\tSi accede a un sitio web externo desde un enlace que encuentre en el Sitio Web usted deber\u00e1 leer la propia pol\u00edtica de privacidad del otro sitio web que puede ser diferente de la de este sitio Web.\n<\/p>\n\n\n\n<h2>Propiedad intelectual e industrial<\/h2>\n<p>\n\tTodos los derechos est\u00e1n reservados.\n<\/p>\n<p>\n\tTodo acceso a este Sitio Web est\u00e1 sujeto a las siguientes condiciones: la reproducci\u00f3n, almacenaje permanente y la difusi\u00f3n de los contenidos o cualquier otro uso que tenga finalidad p\u00fablica o comercial queda expresamente prohibida sin el consentimiento previo expreso y por escrito del Titular.\n<\/p>\n\n\n<h2>Limitaci\u00f3n de responsabilidad<\/h2>\n<p>\n\tEl Titular declina cualquier responsabilidad en caso de que existan interrupciones o un mal funcionamiento de los Servicios o contenidos ofrecidos en Internet, cualquiera que sea su causa. Asimismo, el Titular no se hace responsable por ca\u00eddas de la red, p\u00e9rdidas de negocio a consecuencia de dichas ca\u00eddas, suspensiones temporales de fluido el\u00e9ctrico o cualquier otro tipo de da\u00f1o indirecto que te pueda ser causado por causas ajenas a el Titular.\n<\/p>\n<p>\n\tAntes de tomar decisiones y\/o acciones con base a la informaci\u00f3n incluida en el Sitio Web, el Titular le recomienda comprobar y contrastar la informaci\u00f3n recibida con otras fuentes.\n<\/p>\n\n\n\n<h2>Jurisdicci\u00f3n<\/h2>\n<p>\t\n\tEste Aviso Legal se rige \u00edntegramente por la legislaci\u00f3n espa\u00f1ola.\n<\/p>\n\n\n<h2>Contacto<\/h2>\n<p>\t\n\tEn caso de que usted tenga cualquier duda acerca de este Aviso Legal o quiera realizar cualquier comentario sobre el Sitio Web, puede enviar un mensaje de correo electr\u00f3nico a la direcci\u00f3n: admin@fringesct.com\n<\/p>\n\n<p>Aviso Legal del dominio\u00a0www.kitdigital.fringesct.com\u00a0correspondiente a\u00a0FringesCT, SL\u00a0(en adelante EL TITULAR) con\u00a0CIF\u00a0B05231121\u00a0y domicilio en\u00a0AVENIDA DEL PINAR 50, 05250 EL HOYO DE PINARES (\u00c1VILA) . eMail:\u00a0paula.lema@fringesct.com .\u00a0Inscrita en el Registro Mercantil de \u00c1vilaTomo 147 Libro 105 Folio 83 Hoja AV-5536.<\/p>\n\n\n\n<h2 class=\"wp-block-heading\" id=\"condiciones-generales-de-utilizacion-de-la-web\"><strong>Condiciones generales de utilizaci\u00f3n de la web<\/strong><\/h2>\n\n\n\n<p>EL TITULAR le informa que, el acceso y utilizaci\u00f3n de esta p\u00e1gina web y todas las URLs, subdominios y directorios incluidos bajo la misma, as\u00ed como los servicios o contenidos que a trav\u00e9s de este sitio se puedan obtener, est\u00e1n sujetos a los t\u00e9rminos recogidos y detallados en el propio Aviso Legal, en la Pol\u00edtica de Privacidad&nbsp;y Pol\u00edtica de Cookies, sin perjuicio de que el acceso a alguno de dichos servicios o contenidos pueda precisar de la aceptaci\u00f3n de unas condiciones generales, particulares o adicionales.<\/p>\n\n\n\n<p>Por consiguiente, si las consideraciones detalladas en estos textos legales, no son de su conformidad, rogamos que no haga uso de esta web, ya que cualquier utilizaci\u00f3n que haga de ella o de los servicios y contenidos en ella incluidos, implicar\u00e1 la aceptaci\u00f3n de los t\u00e9rminos legales recogidos.<\/p>\n\n\n\n<p>Debido a la propia naturaleza de Internet, dada la posibilidad de que se pueda acceder a esta p\u00e1gina desde cualquier parte del mundo, los contenidos, as\u00ed como los servicios que en general ofrece EL TITULAR est\u00e1n accesibles a clientes que se mueven en cualquier pa\u00eds. No obstante, lo anterior, al solicitar la contrataci\u00f3n de cualquier tipo de servicio y contenidos ofrecidos, EL TITULAR se reserva el derecho a rechazar la prestaci\u00f3n de servicios o el env\u00edo de contenidos, en aquellos casos que estime oportuno.<\/p>\n\n\n\n<p>EL TITULAR se reserva el derecho a realizar cambios en la web sin previo aviso, con el objeto de actualizar, corregir, modificar, a\u00f1adir, cancelar o eliminar los contenidos o el dise\u00f1o de la web. Los servicios y contenidos de la web son susceptibles de actualizarse peri\u00f3dicamente, y, debido a que la actualizaci\u00f3n de la informaci\u00f3n no es inmediata, le sugerimos que compruebe siempre la vigencia y exactitud de la informaci\u00f3n, servicios y contenidos recogidos aqu\u00ed.<\/p>\n\n\n\n<p>Las condiciones y t\u00e9rminos de utilizaci\u00f3n que se recogen en el presente Aviso Legal pueden cambiar, por lo que le proponemos que revise estos t\u00e9rminos cuando visite de nuevo la web o solicite un nuevo servicio. As\u00ed mismo, el presente Aviso Legal se entender\u00e1 sin perjuicio de cualesquiera otras Pol\u00edticas y\/o Condiciones Generales, y particulares, que regulen el acceso a bienes y servicios concretos dentro de la web.&nbsp;<\/p>\n\n\n\n<h3 class=\"wp-block-heading\" id=\"derechos-de-propiedad-intelectual-y-de-propiedad-industrial\"><strong>Derechos de propiedad intelectual y de propiedad industrial<\/strong><\/h3>\n\n\n\n<p>Tanto el dise\u00f1o de este sitio web, sus c\u00f3digos fuente, logotipos, im\u00e1genes, melod\u00edas, marcas y dem\u00e1s signos distintivos que aparecen, pertenecen a sus respectivos autores y est\u00e1n protegidos por los correspondientes derechos de propiedad intelectual e industrial.<\/p>\n\n\n\n<p>Su utilizaci\u00f3n, reproducci\u00f3n, distribuci\u00f3n, comunicaci\u00f3n p\u00fablica, transformaci\u00f3n o cualquier otra acci\u00f3n semejante, est\u00e1 totalmente prohibida salvo autorizaci\u00f3n expresa por escrito de su creador y\/o propietario de los derechos.<\/p>\n\n\n\n<p>En todo caso, EL TITULAR declara su respeto a los derechos de propiedad intelectual e industrial de terceros; por ello, si considera que este sitio pudiera estar violando sus derechos, rogamos se ponga en contacto con EL TITULAR dirigi\u00e9ndose a trav\u00e9s de los medios proporcionados en el encabezado.<\/p>\n\n\n\n<h3 class=\"wp-block-heading\" id=\"links-o-hiperenlaces\"><strong>Links o hiperenlaces<\/strong><\/h3>\n\n\n\n<p>Desde esta web, EL TITULAR le proporciona o puede proporcionarle el acceso a otras p\u00e1ginas web que considera pueden ser de su inter\u00e9s. El objeto de dichos enlaces es meramente el facilitar la b\u00fasqueda de los recursos que le puedan interesar en Internet. No obstante, dichas p\u00e1ginas no pertenecen a EL TITULAR, ni hace una revisi\u00f3n de sus contenidos, por ello, no se hace responsable de los mismos, del funcionamiento de la p\u00e1gina enlazada o de los posibles da\u00f1os que puedan derivarse del acceso o uso de la misma. As\u00ed mismo, EL TITULAR, se muestra plenamente respetuoso con los derechos de propiedad intelectual o industrial que correspondan o puedan corresponder a terceras personas, sobre las p\u00e1ginas web a las que se refieran los citados enlaces. Por tal motivo, si considera que el establecimiento de los citados enlaces pudiera estar violando sus derechos, rogamos se ponga en contacto con EL TITULAR a trav\u00e9s de los medios proporcionados en el encabezado.<\/p>\n\n\n\n<p>Con car\u00e1cter general se autoriza el enlace de p\u00e1ginas web o de direcciones de correo electr\u00f3nico a la web, excepci\u00f3n hecha de aquellos supuestos en los que, expresamente EL TITULAR manifieste lo contrario. Adicionalmente, y en todo caso para entender aplicable esta autorizaci\u00f3n general, dichos enlaces deber\u00e1n respetar, necesariamente, la siguiente condici\u00f3n: el establecimiento del enlace no supondr\u00e1, por s\u00ed mismo, ning\u00fan tipo de acuerdo, contrato, patrocinio ni recomendaci\u00f3n por parte de EL TITULAR de la p\u00e1gina que realiza el enlace.<\/p>\n\n\n\n<p>No obstante, lo anterior, en cualquier momento EL TITULAR podr\u00e1 retirar la autorizaci\u00f3n mencionada en el p\u00e1rrafo anterior, sin necesidad de alegar causa alguna. En tal caso, la p\u00e1gina que haya realizado el enlace deber\u00e1 proceder a su inmediata supresi\u00f3n, tan pronto como reciba la notificaci\u00f3n de la revocaci\u00f3n de la autorizaci\u00f3n por parte de EL TITULAR.&nbsp;<\/p>\n\n\n\n<h3 class=\"wp-block-heading\" id=\"frames-o-marcos\"><strong>Frames o marcos<\/strong><\/h3>\n\n\n\n<p>EL TITULAR proh\u00edbe expresamente la realizaci\u00f3n de \u00abframings\u00bb o la utilizaci\u00f3n por parte de terceros de cualesquiera otros mecanismos que alteren el dise\u00f1o, configuraci\u00f3n original o contenidos web.<\/p>\n\n\n\n<h3 class=\"wp-block-heading\" id=\"publicidad\"><strong>Publicidad<\/strong><\/h3>\n\n\n\n<p>En la web se insertar\u00e1 aquella publicidad de EL TITULAR o de terceras empresas anunciantes que consideremos pueda ser de su inter\u00e9s.<\/p>\n\n\n\n<p>Sin perjuicio de lo establecido en la Pol\u00edtica de Privacidad, EL TITULAR se compromete a no facilitar informaci\u00f3n suya a los anunciantes, salvo datos estad\u00edsticos an\u00f3nimos sobre la utilizaci\u00f3n de la web, con la finalidad de que se pueda mejorar el servicio y ofrecer productos conforme a las expectativas de los usuarios.<\/p>\n\n\n\n<p>No obstante, EL TITULAR le informa de que los anunciantes y proveedores, por medio de cookies, pueden tener la posibilidad de obtener informaci\u00f3n sobre usted, los usos que hace de los servicios y sus movimientos a trav\u00e9s de la red. Por no tener vinculaci\u00f3n con los usos que de dicha informaci\u00f3n pueda realizar la empresa anunciante, EL TITULAR no se hace responsable de la recogida de informaci\u00f3n por dichas empresas.<\/p>\n\n\n\n<p>EL TITULAR puede utilizar cookies cuando un usuario navega por sus sitios y p\u00e1ginas web. Las cookies que se puedan utilizar en los sitios y p\u00e1ginas web de EL TITULAR se asocian \u00fanicamente con el navegador de un ordenador determinado (un usuario an\u00f3nimo), y no proporcionan por s\u00ed mismas ning\u00fan dato personal del usuario. Las cookies sirven solo para fines exclusivamente internos, como son las estad\u00edsticas de acceso a este sitio web. Las cookies utilizadas no pueden leer los archivos cookie creados por otros proveedores o sitios web. El Usuario tiene la posibilidad de configurar su navegador para ser avisado en pantalla de la recepci\u00f3n de cookies y para impedir la instalaci\u00f3n de cookies en su disco duro. Por favor, consulte las instrucciones y manuales de su navegador para ampliar esta informaci\u00f3n.<\/p>\n\n\n\n<h3 class=\"wp-block-heading\" id=\"responsabilidades-del-usuario\"><strong>Responsabilidades del usuario<\/strong><\/h3>\n\n\n\n<p>El usuario se compromete a utilizar los servicios de la web de acuerdo con los t\u00e9rminos expresados en el presente Aviso Legal, siendo responsable de su uso correcto.<\/p>\n\n\n\n<p>El usuario que act\u00fae contra la imagen, buen nombre o reputaci\u00f3n de EL TITULAR, as\u00ed como quien utilice il\u00edcita o fraudulentamente los dise\u00f1os, logos o contenidos de la web y\/o atente en cualquier forma contra los derechos de propiedad intelectual e industrial de la web o de los contenidos y servicios del mismo, ser\u00e1 responsable frente a EL TITULAR de su actuaci\u00f3n.<\/p>\n\n\n\n<h3 class=\"wp-block-heading\" id=\"responsabilidades-de-el-titular\"><strong>Responsabilidades de EL TITULAR<\/strong><\/h3>\n\n\n\n<h4 class=\"wp-block-heading\" id=\"utilizacion-incorrecta\"><strong>Utilizaci\u00f3n incorrecta:<\/strong><\/h4>\n\n\n\n<p>EL TITULAR ha creado la web para la promoci\u00f3n de sus productos y\/o servicios, pero no puede controlar su utilizaci\u00f3n de forma distinta a la prevista en el presente Aviso Legal; por lo tanto, el acceso y uso correcto de la informaci\u00f3n contenida en la web es responsabilidad de quien realiza estas acciones, no siendo responsable EL TITULAR por el uso incorrecto, il\u00edcito o negligente que del mismo pudiere hacer el usuario.<\/p>\n\n\n\n<h4 class=\"wp-block-heading\" id=\"contenidos\"><strong>Contenidos:<\/strong><\/h4>\n\n\n\n<p>EL TITULAR facilita todos los contenidos de su web, bajo determinadas condiciones de buena fe, y se esforzar\u00e1 en la medida de lo posible para que los mismos est\u00e9n actualizados y vigentes; no obstante, EL TITULAR no puede asumir responsabilidad alguna respecto al uso o acceso que realicen los usuarios fuera del \u00e1mbito al que se dirige la web, cuya responsabilidad final recaer\u00e1 sobre el usuario. As\u00ed mismo EL TITULAR no puede controlar los contenidos que no hayan sido elaborados por el o por terceros cumpliendo su encargo por lo que, no responder\u00e1 en ning\u00fan caso de los da\u00f1os, contenidos e indisponibilidades t\u00e9cnicas que pudieran causarse por parte de dichos terceros.<\/p>\n\n\n\n<h4 class=\"wp-block-heading\" id=\"publicidad\"><strong>Publicidad:<\/strong><\/h4>\n\n\n\n<p>EL TITULAR incluir\u00e1 en la web publicidad propia o de terceros para ofrecerle productos o servicios que entienda que pueden ser de su inter\u00e9s. Sin embargo, y en lo que respecta a la publicidad de terceros, EL TITULAR no puede controlar la apariencia de dicha publicidad, ni la calidad y adecuaci\u00f3n de los productos o servicios a que esta se refiera, por lo que no responder\u00e1 de ning\u00fan da\u00f1o que se pudiera generar al usuario por dichas causas atribuibles a terceros.<\/p>\n\n\n\n<h4 class=\"wp-block-heading\" id=\"virus\"><strong>Virus:<\/strong><\/h4>\n\n\n\n<p>EL TITULAR se compromete a aplicar en la medida de lo posible, las medidas oportunas a su alcance para intentar garantizar al usuario la ausencia en su web de: virus, gusanos, troyanos, spam, etc\u2026 No obstante, estas medidas no son 100% infalibles y, por ello, EL TITULAR no puede asegurar totalmente la ausencia de dichos elementos indeseables. En consecuencia, EL TITULAR no ser\u00e1 responsable de los da\u00f1os que los mismos pudieran producir al usuario.<\/p>\n\n\n\n<h4 class=\"wp-block-heading\" id=\"fallos-tecnologicos\"><strong>Fallos tecnol\u00f3gicos:<\/strong><\/h4>\n\n\n\n<p>EL TITULAR pone los medios necesarios a su alcance para la continuidad de esta web y realizar\u00e1 sus mejores esfuerzos para que el mismo no sufra interrupciones, pero no puede garantizar la ausencia de fallos tecnol\u00f3gicos, ni la permanente disponibilidad de la web y de los servicios contenidos en \u00e9l, en consecuencia no se asume responsabilidad alguna por los da\u00f1os y perjuicios que puedan generarse por la falta de disponibilidad y por los fallos en el acceso ocasionados por desconexiones, aver\u00edas, sobrecargas o ca\u00eddas de la red no imputables a EL TITULAR.<\/p>\n\n\n\n<h3 class=\"wp-block-heading\" id=\"ley-aplicable-y-jurisdiccion\"><strong>Ley aplicable y jurisdicci\u00f3n<\/strong><\/h3>\n\n\n\n<p>La Ley aplicable en caso de disputa o conflicto de interpretaci\u00f3n de los t\u00e9rminos que conforman este Aviso Legal, as\u00ed como cualquier cuesti\u00f3n relacionada con los servicios de la presente web y sus pol\u00edticas, ser\u00e1 la espa\u00f1ola.<\/p>\n\n\n\n<p>Con car\u00e1cter general, nos sometemos a lo estipulado en el Reglamento Europeo de Protecci\u00f3n de Datos (RGPD) Reglamento (UE) 2016\/679 del Parlamento Europeo y del Consejo de 27 de abril de 2016, as\u00ed como tambi\u00e9n, a la Ley de Servicios de Sociedad de la Informaci\u00f3n (LSSICE), Ley 34\/2002, de 11 de julio, de servicios de la sociedad de la informaci\u00f3n y de comercio electr\u00f3nico<\/p>\n\n\n\n<p>Para la resoluci\u00f3n de cualquier conflicto que pueda surgir con ocasi\u00f3n de la visita a la web, EL TITULAR y el usuario se someter\u00e1n al fuero que establezca la normativa vigente.<\/p>\n","protected":false},"excerpt":{"rendered":"<p>Identificaci\u00f3n y Titularidad En cumplimiento del art\u00edculo 10 de la Ley 34\/2002, de 11 de julio, de Servicios de la Sociedad de la Informaci\u00f3n y Comercio Electr\u00f3nico, el Titular expone sus datos identificativos: Titular:&nbsp; FringesCT. NIF:&nbsp;B05231121 Domicilio:&nbsp; Av. Pinar, 50, \u00c1vila &#8211; Espa\u00f1a. Correo electr\u00f3nico:&nbsp; admin@fringesct.com Sitio Web:&nbsp; https:\/\/kitdigital.fringesct.com Condiciones de Uso La utilizaci\u00f3n del &hellip; <\/p>\n<p class=\"link-more\"><a href=\"https:\/\/kitdigital.fringesct.com\/index.php\/aviso-legal\/\" class=\"more-link\">Continuar leyendo<span class=\"screen-reader-text\"> \u00abAviso Legal\u00bb<\/span><\/a><\/p>\n","protected":false},"author":1,"featured_media":0,"parent":0,"menu_order":0,"comment_status":"closed","ping_status":"closed","template":"","meta":{"footnotes":""},"class_list":["post-100","page","type-page","status-publish","hentry"],"_links":{"self":[{"href":"https:\/\/kitdigital.fringesct.com\/index.php\/wp-json\/wp\/v2\/pages\/100","targetHints":{"allow":["GET"]}}],"collection":[{"href":"https:\/\/kitdigital.fringesct.com\/index.php\/wp-json\/wp\/v2\/pages"}],"about":[{"href":"https:\/\/kitdigital.fringesct.com\/index.php\/wp-json\/wp\/v2\/types\/page"}],"author":[{"embeddable":true,"href":"https:\/\/kitdigital.fringesct.com\/index.php\/wp-json\/wp\/v2\/users\/1"}],"replies":[{"embeddable":true,"href":"https:\/\/kitdigital.fringesct.com\/index.php\/wp-json\/wp\/v2\/comments?post=100"}],"version-history":[{"count":1,"href":"https:\/\/kitdigital.fringesct.com\/index.php\/wp-json\/wp\/v2\/pages\/100\/revisions"}],"predecessor-version":[{"id":101,"href":"https:\/\/kitdigital.fringesct.com\/index.php\/wp-json\/wp\/v2\/pages\/100\/revisions\/101"}],"wp:attachment":[{"href":"https:\/\/kitdigital.fringesct.com\/index.php\/wp-json\/wp\/v2\/media?parent=100"}],"curies":[{"name":"wp","href":"https:\/\/api.w.org\/{rel}","templated":true}]}}